{"id":35,"date":"2013-02-07T20:59:54","date_gmt":"2013-02-07T19:59:54","guid":{"rendered":"http:\/\/oliverknapp.de\/sto\/?page_id=35"},"modified":"2021-09-22T14:22:21","modified_gmt":"2021-09-22T12:22:21","slug":"yamaha-klaviere-fluegel","status":"publish","type":"page","link":"https:\/\/newdesign.pianostollenwerk.de\/ja\/unsere-instrumente\/yamaha-klaviere-fluegel\/","title":{"rendered":"\u30e4\u30de\u30cf\u3000\u30d7\u30ec\u30df\u30a2\u30e0\u30d8\u30f3\u30c9\u30e9\u30fc"},"content":{"rendered":"<p><img decoding=\"async\" loading=\"lazy\" src=\"http:\/\/pianostollenwerk.de\/wp-content\/uploads\/2013\/02\/DSCF2276.jpg\" alt=\"DSCF2276\" width=\"600\" height=\"200\" \/><\/p>\n<p>\u5f53\u5e97\u3067\u306f\u521d\u5fc3\u8005\u5411\u304d\u306e\u30d4\u30a2\u30ce\u304b\u3089\u30b3\u30f3\u30b5\u30fc\u30c8\u30b0\u30e9\u30f3\u30c9\u30d4\u30a2\u30ce\u307e\u3067\u5168\u3066\u306e\u30e2\u30c7\u30eb\u3092\u53d6\u308a\u63c3\u3048\u3066\u304a\u308a\u307e\u3059\u3002<\/p>\n<table>\n<tbody>\n<tr>\n<td style=\"vertical-align: top;\"><img decoding=\"async\" loading=\"lazy\" class=\"alignnone size-full wp-image-492\" src=\"http:\/\/www.pianostollenwerk.de\/wp-content\/uploads\/2013\/02\/b.jpg\" alt=\"b\" width=\"120\" height=\"120\" \/><\/td>\n<td><strong>B-Serie<\/strong><\/p>\n<p>Bei der b-Serie handelt es sich wie bei allen Klavieren und Fl\u00fcgeln von Yamaha um Instrumente von au\u00dferordentlicher, nat\u00fcrlicher Sch\u00f6nheit, die Design, Klavierbaukunst und Technik kombinieren \u2013 ein Genuss beim Spiel und ein beruhigendes Gef\u00fchl, ein solches Instrument zu besitzen.<\/td>\n<\/tr>\n<tr>\n<td style=\"vertical-align: top;\"><img decoding=\"async\" loading=\"lazy\" class=\"alignnone size-full wp-image-497\" src=\"http:\/\/www.pianostollenwerk.de\/wp-content\/uploads\/2013\/02\/p.jpg\" alt=\"p\" width=\"120\" height=\"120\" \/><\/td>\n<td><strong>P-Serie<\/strong><\/p>\n<p>Ihr edles Design mit europ\u00e4ischem Einfluss und ihre Verarbeitung machen sie zu einer Augen- und Ohrenweide, und sie zu besitzen und auf ihnen zu spielen, ist eine wahre Freude.<\/td>\n<\/tr>\n<tr>\n<td style=\"vertical-align: top;\"><img decoding=\"async\" loading=\"lazy\" class=\"alignnone size-full wp-image-498\" src=\"http:\/\/www.pianostollenwerk.de\/wp-content\/uploads\/2013\/02\/u.jpg\" alt=\"u\" width=\"120\" height=\"120\" \/><\/td>\n<td><strong>U-Serie<\/strong><\/p>\n<p>Die Klaviere der U-Serie von Yamaha sind schon seit langem eine der Alternativen erster Wahl f\u00fcr schulische Einrichtungen, professionelle Musiker und anspruchsvolle Hobbypianisten.<\/td>\n<\/tr>\n<tr>\n<td style=\"vertical-align: top;\"><img decoding=\"async\" loading=\"lazy\" class=\"alignnone size-full wp-image-499\" src=\"http:\/\/www.pianostollenwerk.de\/wp-content\/uploads\/2013\/02\/yus.jpg\" alt=\"yus\" width=\"120\" height=\"120\" \/><\/td>\n<td><strong>YUS-Serie<\/strong><\/p>\n<p>Die YUS-Serie hebt die Leistung und Qualit\u00e4t von Klavieren auf eine neue Stufe.<\/td>\n<\/tr>\n<tr>\n<td style=\"vertical-align: top;\"><img decoding=\"async\" loading=\"lazy\" class=\"alignnone size-full wp-image-500\" src=\"http:\/\/www.pianostollenwerk.de\/wp-content\/uploads\/2013\/02\/su.jpg\" alt=\"su\" width=\"120\" height=\"120\" \/><\/td>\n<td><strong>SU-Serie<\/strong><\/p>\n<p>Die speziell f\u00fcr den europ\u00e4ischen Markt hergestellten Klaviere der SU-Serie sind der absolute H\u00f6hepunkt in der Reihe der Klaviere von Yamaha.<\/td>\n<\/tr>\n<tr>\n<td style=\"vertical-align: top;\"><img decoding=\"async\" loading=\"lazy\" class=\"alignnone size-full wp-image-501\" src=\"http:\/\/www.pianostollenwerk.de\/wp-content\/uploads\/2013\/02\/se.jpg\" alt=\"se\" width=\"120\" height=\"120\" \/><\/td>\n<td><strong>SE-Serie<\/strong><\/p>\n<p>Die neue SE-Serie verk\u00f6rpert eine bisher nie dagewesene Symbiose aus akribischer Pr\u00e4zision und dem europ\u00e4ischen Erbe der Klavierbaukunst mit Ihrem besonderen Klangideal.<br \/>\nDieses war nur m\u00f6glich, weil wir bei der Entwicklung dieser neuen Spitzeninstrumente auch auf das K\u00f6nnen und die Erfahrung europ\u00e4ischer Klaviertechniker zur\u00fcckgreifen konnten.<\/td>\n<\/tr>\n<tr>\n<td style=\"vertical-align: top;\"><img decoding=\"async\" loading=\"lazy\" class=\"alignnone size-full wp-image-506\" src=\"http:\/\/www.pianostollenwerk.de\/wp-content\/uploads\/2013\/02\/g.jpg\" alt=\"g\" width=\"120\" height=\"120\" \/><\/td>\n<td><strong>G-Serie<\/strong><\/p>\n<p>Die Fl\u00fcgel der G-Serie haben einen resonanten, vollen Klang und sind eine hervorragende Wahl f\u00fcr kleinere R\u00e4ume und Budgets.<\/td>\n<\/tr>\n<tr>\n<td style=\"vertical-align: top;\"><img decoding=\"async\" loading=\"lazy\" class=\"alignnone size-full wp-image-507\" src=\"http:\/\/www.pianostollenwerk.de\/wp-content\/uploads\/2013\/02\/c.jpg\" alt=\"c\" width=\"120\" height=\"120\" \/><\/td>\n<td><strong>C-Serie<\/strong><\/p>\n<p>Die Fl\u00fcgel der C-Serie, die von Verbesserungen in Resonanz und Ausdruckskontrolle profitieren, sind Ergebnis der Liebe zum Detail von Yamaha.<\/td>\n<\/tr>\n<tr>\n<td style=\"vertical-align: top;\"><img decoding=\"async\" loading=\"lazy\" class=\"alignnone size-full wp-image-508\" src=\"http:\/\/www.pianostollenwerk.de\/wp-content\/uploads\/2013\/02\/cx.jpg\" alt=\"cx\" width=\"120\" height=\"120\" \/><\/td>\n<td><strong>CX-Serie<\/strong><\/p>\n<p>Klare Anschl\u00e4ge. Brillanter Ton. Reine Harmonien. Die Geburtsstunde einer neuen Generation von Fl\u00fcgeln in der Tradition des Yamaha CFX.<\/td>\n<\/tr>\n<tr>\n<td style=\"vertical-align: top;\"><img decoding=\"async\" loading=\"lazy\" class=\"alignnone size-full wp-image-510\" src=\"http:\/\/www.pianostollenwerk.de\/wp-content\/uploads\/2013\/02\/premium.gif\" alt=\"premium\" width=\"120\" height=\"120\" \/><\/td>\n<td><strong>Premium-Pianos<\/strong><\/p>\n<p>&#8220;Premium&#8221; hei\u00dft diese Fl\u00fcgelfamilie, weil sie alle Exzellenz und alles Au\u00dfergew\u00f6hnliche verk\u00f6rpert, das einem Fl\u00fcgel eigen sein kann. Superbe Instrumente, in denen die vielen Aspekte ihren H\u00f6hepunkt finden, die Yamaha ausmachen &#8211; Geschichte, handwerkliches K\u00f6nnen, Leistungsf\u00e4higkeit und das Streben, das Beste zu geben.<\/td>\n<\/tr>\n<\/tbody>\n<\/table>\n<p><\/p>","protected":false},"excerpt":{"rendered":"<p>\u5f53\u5e97\u3067\u306f\u521d\u5fc3\u8005\u5411\u304d\u306e\u30d4\u30a2\u30ce\u304b\u3089\u30b3\u30f3\u30b5\u30fc\u30c8\u30b0\u30e9\u30f3\u30c9\u30d4\u30a2\u30ce\u307e\u3067\u5168\u3066\u306e\u30e2\u30c7\u30eb\u3092\u53d6\u308a\u63c3\u3048\u3066\u304a\u308a\u307e\u3059\u3002 B-Serie Bei der b-Serie handelt es sich wie bei allen Klavieren [&hellip;]<\/p>\n","protected":false},"author":1,"featured_media":0,"parent":27,"menu_order":0,"comment_status":"closed","ping_status":"closed","template":"","meta":[],"_links":{"self":[{"href":"https:\/\/newdesign.pianostollenwerk.de\/ja\/wp-json\/wp\/v2\/pages\/35"}],"collection":[{"href":"https:\/\/newdesign.pianostollenwerk.de\/ja\/wp-json\/wp\/v2\/pages"}],"about":[{"href":"https:\/\/newdesign.pianostollenwerk.de\/ja\/wp-json\/wp\/v2\/types\/page"}],"author":[{"embeddable":true,"href":"https:\/\/newdesign.pianostollenwerk.de\/ja\/wp-json\/wp\/v2\/users\/1"}],"replies":[{"embeddable":true,"href":"https:\/\/newdesign.pianostollenwerk.de\/ja\/wp-json\/wp\/v2\/comments?post=35"}],"version-history":[{"count":59,"href":"https:\/\/newdesign.pianostollenwerk.de\/ja\/wp-json\/wp\/v2\/pages\/35\/revisions"}],"predecessor-version":[{"id":1924,"href":"https:\/\/newdesign.pianostollenwerk.de\/ja\/wp-json\/wp\/v2\/pages\/35\/revisions\/1924"}],"up":[{"embeddable":true,"href":"https:\/\/newdesign.pianostollenwerk.de\/ja\/wp-json\/wp\/v2\/pages\/27"}],"wp:attachment":[{"href":"https:\/\/newdesign.pianostollenwerk.de\/ja\/wp-json\/wp\/v2\/media?parent=35"}],"curies":[{"name":"wp","href":"https:\/\/api.w.org\/{rel}","templated":true}]}}